{"id":16,"date":"2023-12-14T12:35:43","date_gmt":"2023-12-14T12:35:43","guid":{"rendered":"http:\/\/juyuans.com\/?page_id=16"},"modified":"2023-12-14T13:56:58","modified_gmt":"2023-12-14T13:56:58","slug":"ve-chung-toi","status":"publish","type":"page","link":"https:\/\/juyuans.com\/vi\/ve-chung-toi\/","title":{"rendered":"V\u1ec0 CH\u00daNG T\u00d4I"},"content":{"rendered":"<p>C\u00f4ng ty TNHH Nh\u1ef1a H\u00f3a Ninh Ba Juyuan Hongtong \u0111\u01b0\u1ee3c \u0111\u0103ng k\u00fd v\u00e0 th\u00e0nh l\u1eadp v\u00e0o th\u00e1ng 5 n\u0103m 2018 t\u1ea1i Ninh Ba, t\u1ec9nh Chi\u1ebft Giang. Tu\u00e2n th\u1ee7 tri\u1ebft l\u00fd kinh doanh &quot;\u0111\u1ed5i m\u1edbi, b\u1ea3o v\u1ec7 m\u00f4i tr\u01b0\u1eddng, h\u1ee3p t\u00e1c v\u00e0 \u0111\u00f4i b\u00ean c\u00f9ng c\u00f3 l\u1ee3i&quot;, ch\u00fang t\u00f4i c\u1ed1 g\u1eafng cung c\u1ea5p nguy\u00ean li\u1ec7u nh\u1ef1a ch\u1ea5t l\u01b0\u1ee3ng cao v\u00e0 d\u1ecbch v\u1ee5 k\u1ef9 thu\u1eadt cho th\u1ecb tr\u01b0\u1eddng to\u00e0n c\u1ea7u. C\u00f4ng ty ch\u00fang t\u00f4i chuy\u00ean v\u1ec1 c\u00e1c nguy\u00ean li\u1ec7u nh\u1ef1a k\u1ef9 thu\u1eadt nh\u01b0 POM\/PA\/PC\/PPSU\/PEI\/PEEK, c\u0169ng nh\u01b0 c\u00e1c nguy\u00ean li\u1ec7u th\u00f4 \u0111\u01b0\u1ee3c s\u1eeda \u0111\u1ed5i v\u00e0 t\u00f9y ch\u1ec9nh kh\u00e1c.<\/p>\n<p>&nbsp;<\/p>","protected":false},"excerpt":{"rendered":"<p>Ningbo Juyuan Hongtong Plasticization Co., Ltd. was registered and established in May 2018 in Ningbo, Zhejiang Province. Adhering to the business philosophy of \"innovation, environmental protection, cooperation, and win-win\", we strive to provide high-quality plastic raw materials and technical services for the global market. Our company specializes in engineering plastic raw materials such as POM\/PA\/PC\/PPSU\/PEI\/PEEK, [&hellip;]<\/p>\n","protected":false},"author":1,"featured_media":0,"parent":0,"menu_order":0,"comment_status":"closed","ping_status":"closed","template":"page\/about.php","meta":{"footnotes":""},"class_list":["post-16","page","type-page","status-publish","hentry"],"_links":{"self":[{"href":"https:\/\/juyuans.com\/vi\/wp-json\/wp\/v2\/pages\/16","targetHints":{"allow":["GET"]}}],"collection":[{"href":"https:\/\/juyuans.com\/vi\/wp-json\/wp\/v2\/pages"}],"about":[{"href":"https:\/\/juyuans.com\/vi\/wp-json\/wp\/v2\/types\/page"}],"author":[{"embeddable":true,"href":"https:\/\/juyuans.com\/vi\/wp-json\/wp\/v2\/users\/1"}],"replies":[{"embeddable":true,"href":"https:\/\/juyuans.com\/vi\/wp-json\/wp\/v2\/comments?post=16"}],"version-history":[{"count":0,"href":"https:\/\/juyuans.com\/vi\/wp-json\/wp\/v2\/pages\/16\/revisions"}],"wp:attachment":[{"href":"https:\/\/juyuans.com\/vi\/wp-json\/wp\/v2\/media?parent=16"}],"curies":[{"name":"wp","href":"https:\/\/api.w.org\/{rel}","templated":true}]}}