{"id":16,"date":"2023-12-14T12:35:43","date_gmt":"2023-12-14T12:35:43","guid":{"rendered":"http:\/\/juyuans.com\/?page_id=16"},"modified":"2023-12-14T13:56:58","modified_gmt":"2023-12-14T13:56:58","slug":"sobre-nosotros","status":"publish","type":"page","link":"https:\/\/juyuans.com\/es\/sobre-nosotros\/","title":{"rendered":"SOBRE NOSOTROS"},"content":{"rendered":"<p>Ningbo Juyuan Hongtong Plasticization Co., Ltd. se registr\u00f3 y estableci\u00f3 en mayo de 2018 en Ningbo, provincia de Zhejiang. Siguiendo la filosof\u00eda empresarial de &quot;innovaci\u00f3n, protecci\u00f3n del medio ambiente, cooperaci\u00f3n y beneficio mutuo&quot;, nos esforzamos por proporcionar materias primas pl\u00e1sticas y servicios t\u00e9cnicos de alta calidad para el mercado global. Nuestra empresa se especializa en ingenier\u00eda de materias primas pl\u00e1sticas como POM\/PA\/PC\/PPSU\/PEI\/PEEK, as\u00ed como otras materias primas modificadas y personalizadas.<\/p>\n<p>&nbsp;<\/p>","protected":false},"excerpt":{"rendered":"<p>Ningbo Juyuan Hongtong Plasticization Co., Ltd. was registered and established in May 2018 in Ningbo, Zhejiang Province. Adhering to the business philosophy of \"innovation, environmental protection, cooperation, and win-win\", we strive to provide high-quality plastic raw materials and technical services for the global market. Our company specializes in engineering plastic raw materials such as POM\/PA\/PC\/PPSU\/PEI\/PEEK, [&hellip;]<\/p>\n","protected":false},"author":1,"featured_media":0,"parent":0,"menu_order":0,"comment_status":"closed","ping_status":"closed","template":"page\/about.php","meta":{"footnotes":""},"class_list":["post-16","page","type-page","status-publish","hentry"],"_links":{"self":[{"href":"https:\/\/juyuans.com\/es\/wp-json\/wp\/v2\/pages\/16","targetHints":{"allow":["GET"]}}],"collection":[{"href":"https:\/\/juyuans.com\/es\/wp-json\/wp\/v2\/pages"}],"about":[{"href":"https:\/\/juyuans.com\/es\/wp-json\/wp\/v2\/types\/page"}],"author":[{"embeddable":true,"href":"https:\/\/juyuans.com\/es\/wp-json\/wp\/v2\/users\/1"}],"replies":[{"embeddable":true,"href":"https:\/\/juyuans.com\/es\/wp-json\/wp\/v2\/comments?post=16"}],"version-history":[{"count":0,"href":"https:\/\/juyuans.com\/es\/wp-json\/wp\/v2\/pages\/16\/revisions"}],"wp:attachment":[{"href":"https:\/\/juyuans.com\/es\/wp-json\/wp\/v2\/media?parent=16"}],"curies":[{"name":"wp","href":"https:\/\/api.w.org\/{rel}","templated":true}]}}